{"id":1386,"date":"2024-01-23T12:54:47","date_gmt":"2024-01-23T12:54:47","guid":{"rendered":"https:\/\/natsrawline.com\/startseite\/"},"modified":"2024-10-17T12:34:07","modified_gmt":"2024-10-17T12:34:07","slug":"startseite","status":"publish","type":"page","link":"https:\/\/natsrawline.com\/de\/","title":{"rendered":"Startseite"},"content":{"rendered":"","protected":false},"excerpt":{"rendered":"","protected":false},"author":1,"featured_media":0,"parent":0,"menu_order":0,"comment_status":"closed","ping_status":"closed","template":"","meta":{"_acf_changed":false,"_seopress_robots_primary_cat":"","_seopress_titles_title":"","_seopress_titles_desc":"Verw\u00f6hnen Sie sich mit unseren rohen Kuchen. Gesund, lecker, vegan, glutenfrei und vollgepackt mit nat\u00fcrlichen N\u00e4hrstoffen. Wir lieben Ihren K\u00f6rper und Ihren Planeten seit 2017.  ","_seopress_robots_index":"","footnotes":""},"class_list":["post-1386","page","type-page","status-publish","hentry"],"acf":[],"_links":{"self":[{"href":"https:\/\/natsrawline.com\/de\/wp-json\/wp\/v2\/pages\/1386","targetHints":{"allow":["GET"]}}],"collection":[{"href":"https:\/\/natsrawline.com\/de\/wp-json\/wp\/v2\/pages"}],"about":[{"href":"https:\/\/natsrawline.com\/de\/wp-json\/wp\/v2\/types\/page"}],"author":[{"embeddable":true,"href":"https:\/\/natsrawline.com\/de\/wp-json\/wp\/v2\/users\/1"}],"replies":[{"embeddable":true,"href":"https:\/\/natsrawline.com\/de\/wp-json\/wp\/v2\/comments?post=1386"}],"version-history":[{"count":1,"href":"https:\/\/natsrawline.com\/de\/wp-json\/wp\/v2\/pages\/1386\/revisions"}],"predecessor-version":[{"id":1387,"href":"https:\/\/natsrawline.com\/de\/wp-json\/wp\/v2\/pages\/1386\/revisions\/1387"}],"wp:attachment":[{"href":"https:\/\/natsrawline.com\/de\/wp-json\/wp\/v2\/media?parent=1386"}],"curies":[{"name":"wp","href":"https:\/\/api.w.org\/{rel}","templated":true}]}}