{"id":1583,"date":"2024-01-31T08:31:05","date_gmt":"2024-01-31T08:31:05","guid":{"rendered":"https:\/\/natsrawline.com\/get-in-touch\/"},"modified":"2026-03-09T10:34:13","modified_gmt":"2026-03-09T10:34:13","slug":"get-in-touch","status":"publish","type":"page","link":"https:\/\/natsrawline.com\/fr\/get-in-touch\/","title":{"rendered":"Get in touch"},"content":{"rendered":"","protected":false},"excerpt":{"rendered":"","protected":false},"author":1,"featured_media":0,"parent":0,"menu_order":0,"comment_status":"closed","ping_status":"closed","template":"","meta":{"_acf_changed":false,"_seopress_robots_primary_cat":"","_seopress_titles_title":"","_seopress_titles_desc":"Votre avis est-il important ? Bien s\u00fbr que oui ! Aidez-nous \u00e0 am\u00e9liorer Nats Rawline en nous envoyant vos commentaires. Obtenez une r\u00e9ponse dans les 24 heures.","_seopress_robots_index":"","footnotes":""},"class_list":["post-1583","page","type-page","status-publish","hentry"],"acf":[],"_links":{"self":[{"href":"https:\/\/natsrawline.com\/fr\/wp-json\/wp\/v2\/pages\/1583","targetHints":{"allow":["GET"]}}],"collection":[{"href":"https:\/\/natsrawline.com\/fr\/wp-json\/wp\/v2\/pages"}],"about":[{"href":"https:\/\/natsrawline.com\/fr\/wp-json\/wp\/v2\/types\/page"}],"author":[{"embeddable":true,"href":"https:\/\/natsrawline.com\/fr\/wp-json\/wp\/v2\/users\/1"}],"replies":[{"embeddable":true,"href":"https:\/\/natsrawline.com\/fr\/wp-json\/wp\/v2\/comments?post=1583"}],"version-history":[{"count":4,"href":"https:\/\/natsrawline.com\/fr\/wp-json\/wp\/v2\/pages\/1583\/revisions"}],"predecessor-version":[{"id":2600,"href":"https:\/\/natsrawline.com\/fr\/wp-json\/wp\/v2\/pages\/1583\/revisions\/2600"}],"wp:attachment":[{"href":"https:\/\/natsrawline.com\/fr\/wp-json\/wp\/v2\/media?parent=1583"}],"curies":[{"name":"wp","href":"https:\/\/api.w.org\/{rel}","templated":true}]}}