{"id":1685,"date":"2024-02-23T13:18:21","date_gmt":"2024-02-23T13:18:21","guid":{"rendered":"https:\/\/natsrawline.com\/nos-engagements\/"},"modified":"2025-06-30T13:05:18","modified_gmt":"2025-06-30T13:05:18","slug":"nos-engagements","status":"publish","type":"page","link":"https:\/\/natsrawline.com\/fr\/nos-engagements\/","title":{"rendered":"Nos engagements"},"content":{"rendered":"","protected":false},"excerpt":{"rendered":"","protected":false},"author":1,"featured_media":0,"parent":0,"menu_order":0,"comment_status":"closed","ping_status":"closed","template":"","meta":{"_acf_changed":false,"_seopress_robots_primary_cat":"","_seopress_titles_title":"","_seopress_titles_desc":"Faites-vous plaisir sans culpabilit\u00e9 chez Nats Rawline. Savourez nos g\u00e2teaux irr\u00e9sistiblement d\u00e9licieux, 100 % v\u00e9g\u00e9taliens et sans gluten, pour un mode de vie plus sain et une plan\u00e8te plus durable. ","_seopress_robots_index":"","footnotes":""},"class_list":["post-1685","page","type-page","status-publish","hentry"],"acf":[],"_links":{"self":[{"href":"https:\/\/natsrawline.com\/fr\/wp-json\/wp\/v2\/pages\/1685","targetHints":{"allow":["GET"]}}],"collection":[{"href":"https:\/\/natsrawline.com\/fr\/wp-json\/wp\/v2\/pages"}],"about":[{"href":"https:\/\/natsrawline.com\/fr\/wp-json\/wp\/v2\/types\/page"}],"author":[{"embeddable":true,"href":"https:\/\/natsrawline.com\/fr\/wp-json\/wp\/v2\/users\/1"}],"replies":[{"embeddable":true,"href":"https:\/\/natsrawline.com\/fr\/wp-json\/wp\/v2\/comments?post=1685"}],"version-history":[{"count":1,"href":"https:\/\/natsrawline.com\/fr\/wp-json\/wp\/v2\/pages\/1685\/revisions"}],"predecessor-version":[{"id":1686,"href":"https:\/\/natsrawline.com\/fr\/wp-json\/wp\/v2\/pages\/1685\/revisions\/1686"}],"wp:attachment":[{"href":"https:\/\/natsrawline.com\/fr\/wp-json\/wp\/v2\/media?parent=1685"}],"curies":[{"name":"wp","href":"https:\/\/api.w.org\/{rel}","templated":true}]}}