{"id":192,"date":"2024-01-23T12:54:47","date_gmt":"2024-01-23T12:54:47","guid":{"rendered":"https:\/\/natsrawline.com\/accueil\/"},"modified":"2024-10-17T12:31:26","modified_gmt":"2024-10-17T12:31:26","slug":"accueil","status":"publish","type":"page","link":"https:\/\/natsrawline.com\/fr\/","title":{"rendered":"Accueil"},"content":{"rendered":"","protected":false},"excerpt":{"rendered":"","protected":false},"author":1,"featured_media":0,"parent":0,"menu_order":0,"comment_status":"closed","ping_status":"closed","template":"","meta":{"_acf_changed":false,"_seopress_robots_primary_cat":"","_seopress_titles_title":"","_seopress_titles_desc":"D\u00e9couvrez nos cakes crus v\u00e9ganes sans conservateurs et sans gluten, confectionn\u00e9es avec amour et respect pour votre sant\u00e9 et notre plan\u00e8te depuis 2017.","_seopress_robots_index":"","footnotes":""},"class_list":["post-192","page","type-page","status-publish","hentry"],"acf":[],"_links":{"self":[{"href":"https:\/\/natsrawline.com\/fr\/wp-json\/wp\/v2\/pages\/192","targetHints":{"allow":["GET"]}}],"collection":[{"href":"https:\/\/natsrawline.com\/fr\/wp-json\/wp\/v2\/pages"}],"about":[{"href":"https:\/\/natsrawline.com\/fr\/wp-json\/wp\/v2\/types\/page"}],"author":[{"embeddable":true,"href":"https:\/\/natsrawline.com\/fr\/wp-json\/wp\/v2\/users\/1"}],"replies":[{"embeddable":true,"href":"https:\/\/natsrawline.com\/fr\/wp-json\/wp\/v2\/comments?post=192"}],"version-history":[{"count":3,"href":"https:\/\/natsrawline.com\/fr\/wp-json\/wp\/v2\/pages\/192\/revisions"}],"predecessor-version":[{"id":2051,"href":"https:\/\/natsrawline.com\/fr\/wp-json\/wp\/v2\/pages\/192\/revisions\/2051"}],"wp:attachment":[{"href":"https:\/\/natsrawline.com\/fr\/wp-json\/wp\/v2\/media?parent=192"}],"curies":[{"name":"wp","href":"https:\/\/api.w.org\/{rel}","templated":true}]}}