{"id":2239,"date":"2024-10-10T12:33:25","date_gmt":"2024-10-10T12:33:25","guid":{"rendered":"https:\/\/natsrawline.com\/b-corp-certification\/"},"modified":"2025-06-25T07:35:45","modified_gmt":"2025-06-25T07:35:45","slug":"b-corp-certification","status":"publish","type":"page","link":"https:\/\/natsrawline.com\/fr\/b-corp-certification\/","title":{"rendered":"B Corp certification"},"content":{"rendered":"","protected":false},"excerpt":{"rendered":"","protected":false},"author":1,"featured_media":0,"parent":0,"menu_order":0,"comment_status":"closed","ping_status":"closed","template":"","meta":{"_acf_changed":false,"_seopress_robots_primary_cat":"","_seopress_titles_title":"La premi\u00e8re marque de p\u00e2tisseries 100 % v\u00e9ganes certifi\u00e9e B Corp\u2122 en Belgique. %%sep%% %%sitetitle%%","_seopress_titles_desc":"La premi\u00e8re marque de p\u00e2tisseries 100 % v\u00e9ganes certifi\u00e9e B Corp\u2122 en Belgique.","_seopress_robots_index":"","footnotes":""},"class_list":["post-2239","page","type-page","status-publish","hentry"],"acf":[],"_links":{"self":[{"href":"https:\/\/natsrawline.com\/fr\/wp-json\/wp\/v2\/pages\/2239","targetHints":{"allow":["GET"]}}],"collection":[{"href":"https:\/\/natsrawline.com\/fr\/wp-json\/wp\/v2\/pages"}],"about":[{"href":"https:\/\/natsrawline.com\/fr\/wp-json\/wp\/v2\/types\/page"}],"author":[{"embeddable":true,"href":"https:\/\/natsrawline.com\/fr\/wp-json\/wp\/v2\/users\/1"}],"replies":[{"embeddable":true,"href":"https:\/\/natsrawline.com\/fr\/wp-json\/wp\/v2\/comments?post=2239"}],"version-history":[{"count":1,"href":"https:\/\/natsrawline.com\/fr\/wp-json\/wp\/v2\/pages\/2239\/revisions"}],"predecessor-version":[{"id":2269,"href":"https:\/\/natsrawline.com\/fr\/wp-json\/wp\/v2\/pages\/2239\/revisions\/2269"}],"wp:attachment":[{"href":"https:\/\/natsrawline.com\/fr\/wp-json\/wp\/v2\/media?parent=2239"}],"curies":[{"name":"wp","href":"https:\/\/api.w.org\/{rel}","templated":true}]}}