{"id":2569,"date":"2025-06-16T12:18:24","date_gmt":"2025-06-16T12:18:24","guid":{"rendered":"https:\/\/natsrawline.com\/cakes-a-impact\/"},"modified":"2025-06-26T12:01:36","modified_gmt":"2025-06-26T12:01:36","slug":"cakes-a-impact","status":"publish","type":"page","link":"https:\/\/natsrawline.com\/fr\/cakes-a-impact\/","title":{"rendered":"Cakes \u00e0 impact"},"content":{"rendered":"","protected":false},"excerpt":{"rendered":"","protected":false},"author":1,"featured_media":0,"parent":0,"menu_order":0,"comment_status":"closed","ping_status":"closed","template":"","meta":{"_acf_changed":false,"_seopress_robots_primary_cat":"","_seopress_titles_title":"%%post_title%% %%sep%% V\u00e9gans, crus et radicalement responsables %%sep%% %%sitetitle%%","_seopress_titles_desc":"Nos g\u00e2teaux ne se contentent pas d\u2019avoir bon go\u00fbt \u2014 ils font du bien. Du choix des ingr\u00e9dients \u00e0 la fa\u00e7on dont chaque produit est con\u00e7u, chaque d\u00e9cision vise \u00e0 maximiser l\u2019impact positif pour les personnes et la plan\u00e8te. ","_seopress_robots_index":"","footnotes":""},"class_list":["post-2569","page","type-page","status-publish","hentry"],"acf":[],"_links":{"self":[{"href":"https:\/\/natsrawline.com\/fr\/wp-json\/wp\/v2\/pages\/2569","targetHints":{"allow":["GET"]}}],"collection":[{"href":"https:\/\/natsrawline.com\/fr\/wp-json\/wp\/v2\/pages"}],"about":[{"href":"https:\/\/natsrawline.com\/fr\/wp-json\/wp\/v2\/types\/page"}],"author":[{"embeddable":true,"href":"https:\/\/natsrawline.com\/fr\/wp-json\/wp\/v2\/users\/1"}],"replies":[{"embeddable":true,"href":"https:\/\/natsrawline.com\/fr\/wp-json\/wp\/v2\/comments?post=2569"}],"version-history":[{"count":1,"href":"https:\/\/natsrawline.com\/fr\/wp-json\/wp\/v2\/pages\/2569\/revisions"}],"predecessor-version":[{"id":2571,"href":"https:\/\/natsrawline.com\/fr\/wp-json\/wp\/v2\/pages\/2569\/revisions\/2571"}],"wp:attachment":[{"href":"https:\/\/natsrawline.com\/fr\/wp-json\/wp\/v2\/media?parent=2569"}],"curies":[{"name":"wp","href":"https:\/\/api.w.org\/{rel}","templated":true}]}}